{"id":321,"date":"2017-12-14T17:16:10","date_gmt":"2017-12-14T17:16:10","guid":{"rendered":"https:\/\/events.renewable-carbon.eu\/sustainable-finance-green-claims\/?page_id=321"},"modified":"2023-01-16T11:35:23","modified_gmt":"2023-01-16T10:35:23","slug":"legal","status":"publish","type":"page","link":"https:\/\/events.renewable-carbon.eu\/sustainable-finance-green-claims\/legal\/","title":{"rendered":"Legal notice"},"content":{"rendered":"\n<figure class=\"wp-block-image alignleft size-full is-resized\"><a href=\"http:\/\/nova-institute.eu\" target=\"_blank\" rel=\"noreferrer noopener\"><img decoding=\"async\" src=\"https:\/\/events.renewable-carbon.eu\/sustainable-finance-green-claims\/wp-content\/uploads\/2022\/06\/novalogo.png\" alt=\"Logo - nova-Institute\" class=\"wp-image-29135\" width=\"215\" srcset=\"https:\/\/events.renewable-carbon.eu\/sustainable-finance-green-claims\/wp-content\/uploads\/2022\/06\/novalogo.png 581w, https:\/\/events.renewable-carbon.eu\/sustainable-finance-green-claims\/wp-content\/uploads\/2022\/06\/novalogo-300x277.png 300w, https:\/\/events.renewable-carbon.eu\/sustainable-finance-green-claims\/wp-content\/uploads\/2022\/06\/novalogo-150x139.png 150w\" sizes=\"(max-width: 581px) 100vw, 581px\" \/><\/a><\/figure>\n\n\n\n<p>nova-Institut f\u00fcr politische und \u00f6kologische Innovation GmbH<br>Leyboldstra\u00dfe 16<br>50354 H\u00fcrth, Germany<br><br>Tel: +49 2233 460 14 00<br><br><a href=\"mailto:contact@nova-Institut.de\" target=\"_blank\" rel=\"noreferrer noopener\">contact@nova-institut.de<\/a><br><a href=\"http:\/\/www.nova-institut.eu\" target=\"_blank\" rel=\"noreferrer noopener\">www.nova-institut.de<\/a><\/p>\n\n\n\n<p>Managing Directors authorized to represent: Michael Carus and Dirk Schubert<\/p>\n\n\n\n<p>Court of Registration: Local Court of Cologne<br>Registration No.: HRB 44144<br>Sales Tax Ident No. pursuant of \u00a7 27a German Sales Tax Law: DE 811827699<br>Content responsibility accord. to \u00a7 6 MDStV: Michael Carus<\/p>\n\n\n\n<p>Liability note: Despite of most diligent content control, we do not accept any liability for the contents of external links. For the contents of the linked sites, solely their operators are responsible!<\/p>\n\n\n\n<p>The European Union offers a portal for extra-judicial online dispute resolution, available at&nbsp;<a class=\"\" href=\"http:\/\/www.ec.europa.eu\/consumers\/odr\">www.ec.europa.eu\/consumers\/odr<\/a>. You can find our email address in the imprint. A list with contact details of recognised arbitration boards can be found at <a class=\"\" href=\"https:\/\/ec.europa.eu\/consumers\/odr\/main\/index.cfm?event=main.adr.show\">https:\/\/ec.europa.eu\/consumers\/odr\/<\/a><a class=\"\" href=\"https:\/\/ec.europa.eu\/consumers\/odr\/main\/index.cfm?event=main.adr.show\">main\/index.cfm?event=main.adr.show<\/a><\/p>\n","protected":false},"excerpt":{"rendered":"<p>nova-Institut f\u00fcr politische und \u00f6kologische Innovation GmbHLeyboldstra\u00dfe 1650354 H\u00fcrth, Germany Tel: +49 2233 460 14 00 contact@nova-institut.dewww.nova-institut.de Managing Directors authorized to represent: Michael Carus and Dirk Schubert Court of Registration: Local Court of CologneRegistration No.: HRB 44144Sales Tax Ident No. pursuant of \u00a7 27a German Sales Tax Law: DE 811827699Content responsibility accord. to \u00a7 6 &hellip;<\/p>\n<p class=\"read-more\"> <a class=\"\" href=\"https:\/\/events.renewable-carbon.eu\/sustainable-finance-green-claims\/legal\/\"> <span class=\"screen-reader-text\">Legal notice<\/span> Read More &raquo;<\/a><\/p>\n","protected":false},"author":1,"featured_media":0,"parent":0,"menu_order":0,"comment_status":"closed","ping_status":"closed","template":"","meta":{"_uag_custom_page_level_css":"","site-sidebar-layout":"default","site-content-layout":"","ast-site-content-layout":"","site-content-style":"default","site-sidebar-style":"default","ast-global-header-display":"","ast-banner-title-visibility":"","ast-main-header-display":"","ast-hfb-above-header-display":"","ast-hfb-below-header-display":"","ast-hfb-mobile-header-display":"","site-post-title":"","ast-breadcrumbs-content":"","ast-featured-img":"","footer-sml-layout":"","theme-transparent-header-meta":"","adv-header-id-meta":"","stick-header-meta":"","header-above-stick-meta":"","header-main-stick-meta":"","header-below-stick-meta":"","astra-migrate-meta-layouts":"","footnotes":""},"aioseo_notices":[],"uagb_featured_image_src":{"full":false,"thumbnail":false,"medium":false,"medium_large":false,"large":false,"1536x1536":false,"2048x2048":false},"uagb_author_info":{"display_name":"Daniel Steeg","author_link":"https:\/\/events.renewable-carbon.eu\/sustainable-finance-green-claims\/author\/ds\/"},"uagb_comment_info":0,"uagb_excerpt":"nova-Institut f\u00fcr politische und \u00f6kologische Innovation GmbHLeyboldstra\u00dfe 1650354 H\u00fcrth, Germany Tel: +49 2233 460 14 00 contact@nova-institut.dewww.nova-institut.de Managing Directors authorized to represent: Michael Carus and Dirk Schubert Court of Registration: Local Court of CologneRegistration No.: HRB 44144Sales Tax Ident No. pursuant of \u00a7 27a German Sales Tax Law: DE 811827699Content responsibility accord. to \u00a7 6&hellip;","_links":{"self":[{"href":"https:\/\/events.renewable-carbon.eu\/sustainable-finance-green-claims\/wp-json\/wp\/v2\/pages\/321"}],"collection":[{"href":"https:\/\/events.renewable-carbon.eu\/sustainable-finance-green-claims\/wp-json\/wp\/v2\/pages"}],"about":[{"href":"https:\/\/events.renewable-carbon.eu\/sustainable-finance-green-claims\/wp-json\/wp\/v2\/types\/page"}],"author":[{"embeddable":true,"href":"https:\/\/events.renewable-carbon.eu\/sustainable-finance-green-claims\/wp-json\/wp\/v2\/users\/1"}],"replies":[{"embeddable":true,"href":"https:\/\/events.renewable-carbon.eu\/sustainable-finance-green-claims\/wp-json\/wp\/v2\/comments?post=321"}],"version-history":[{"count":6,"href":"https:\/\/events.renewable-carbon.eu\/sustainable-finance-green-claims\/wp-json\/wp\/v2\/pages\/321\/revisions"}],"predecessor-version":[{"id":36312,"href":"https:\/\/events.renewable-carbon.eu\/sustainable-finance-green-claims\/wp-json\/wp\/v2\/pages\/321\/revisions\/36312"}],"wp:attachment":[{"href":"https:\/\/events.renewable-carbon.eu\/sustainable-finance-green-claims\/wp-json\/wp\/v2\/media?parent=321"}],"curies":[{"name":"wp","href":"https:\/\/api.w.org\/{rel}","templated":true}]}}